{"id":612,"date":"2016-03-07T03:11:04","date_gmt":"2016-03-07T03:11:04","guid":{"rendered":"https:\/\/www.gavias-theme.com\/wp\/indutri\/?page_id=612"},"modified":"2024-09-27T18:40:12","modified_gmt":"2024-09-27T15:40:12","slug":"hakkimizda-kepenk-tamiri","status":"publish","type":"page","link":"https:\/\/acilkepenk.net\/index.php\/hakkimizda-kepenk-tamiri\/","title":{"rendered":"Hakk\u0131m\u0131zda"},"content":{"rendered":"\t\t<div data-elementor-type=\"wp-post\" data-elementor-id=\"612\" class=\"elementor elementor-612\">\n\t\t\t\t\t\t<section class=\"elementor-section elementor-top-section elementor-element elementor-element-1279549a elementor-section-boxed elementor-section-height-default elementor-section-height-default\" data-id=\"1279549a\" data-element_type=\"section\">\n\t\t\t\t\t\t<div class=\"elementor-container elementor-column-gap-default\">\n\t\t\t\t\t<div class=\"elementor-column elementor-col-50 elementor-top-column elementor-element elementor-element-2d41672 top column-style-top\" data-id=\"2d41672\" data-element_type=\"column\">\n\t\t\t<div class=\"elementor-widget-wrap elementor-element-populated\">\n\t\t\t\t\t\t<section class=\"elementor-section elementor-inner-section elementor-element elementor-element-3054b3dc elementor-section-boxed elementor-section-height-default elementor-section-height-default\" data-id=\"3054b3dc\" data-element_type=\"section\">\n\t\t\t\t\t\t<div class=\"elementor-container elementor-column-gap-default\">\n\t\t\t\t\t<div class=\"elementor-column elementor-col-100 elementor-inner-column elementor-element elementor-element-61306f8a top column-style-top\" data-id=\"61306f8a\" data-element_type=\"column\">\n\t\t\t<div class=\"elementor-widget-wrap elementor-element-populated\">\n\t\t\t\t\t\t<div class=\"elementor-element elementor-element-57ad4f9c elementor-widget elementor-widget-gva-heading-block\" data-id=\"57ad4f9c\" data-element_type=\"widget\" data-widget_type=\"gva-heading-block.default\">\n\t\t\t\t<div class=\"elementor-widget-container\">\n\t\t\t\t\t<div class=\"gva-element-gva-heading-block gva-element\">   <div class=\"align-left style-1 widget gsc-heading box-align-left\">\r\n      <div class=\"content-inner\">\r\n         \r\n                  \r\n                     <div class=\"clearfix\"><div class=\"sub-title\"><span>Bursa  Kepenk | esli\u015fehir kepenk | servis | tamir<\/span><\/div><\/div>\r\n           \r\n         \r\n                     <h2 class=\"title\">\r\n               <span>Hakk\u0131m\u0131zda<\/span>\r\n            <\/h2>\r\n                              <div class=\"title-desc\">Acil Kepenk, Bursa ve Eski\u015fehir b\u00f6lgesinde g\u00fcvenlik ve konforunuzu \u00f6n planda tutarak, kaliteli kepenk \u00e7\u00f6z\u00fcmleri sunmak amac\u0131yla kurulmu\u015ftur. M\u00fc\u015fteri memnuniyetini ilke edinen firmam\u0131z, alan\u0131nda uzman ekibi ve yenilik\u00e7i yakla\u015f\u0131mlar\u0131yla, her t\u00fcrl\u00fc ihtiyaca uygun kepenk sistemlerini geli\u015ftirmekte ve uygulamaktad\u0131r.\n\n\u0130\u015fletmenizin g\u00fcvenli\u011fini sa\u011flamak, evlerinizi korumak ve mekanlar\u0131n\u0131za estetik bir dokunu\u015f katmak i\u00e7in modern teknoloji ve kaliteli malzemeler kullan\u0131yoruz. Acil Kepenk olarak, m\u00fc\u015fterilerimize sundu\u011fumuz hizmetlerde \u015feffafl\u0131k, g\u00fcvenilirlik ve zaman\u0131nda teslimat prensiplerine s\u0131k\u0131 s\u0131k\u0131ya ba\u011fl\u0131y\u0131z.\n\nBursa ve Eski\u015fehir\u2019deki varl\u0131\u011f\u0131m\u0131zla, yerel ihtiya\u00e7lar\u0131 ve beklentileri en iyi \u015fekilde anlayarak, her projede \u00f6zelle\u015ftirilmi\u015f \u00e7\u00f6z\u00fcmler sunmay\u0131 hedefliyoruz. M\u00fc\u015fteri odakl\u0131 yakla\u015f\u0131m\u0131m\u0131z ve h\u0131zl\u0131 servisimizle, siz de\u011ferli m\u00fc\u015fterilerimizin ihtiya\u00e7lar\u0131na an\u0131nda cevap vermek i\u00e7in buraday\u0131z.\n\nAcil Kepenk, g\u00fcvenli\u011finiz i\u00e7in burada!<\/div>\r\n         \r\n         \r\n      <\/div>\r\n   <\/div>\r\n   <div class=\"clearfix\"><\/div>\r\n<\/div>\t\t\t\t<\/div>\n\t\t\t\t<\/div>\n\t\t\t\t\t<\/div>\n\t\t<\/div>\n\t\t\t\t\t<\/div>\n\t\t<\/section>\n\t\t\t\t<section class=\"elementor-section elementor-inner-section elementor-element elementor-element-678a3144 elementor-section-boxed elementor-section-height-default elementor-section-height-default\" data-id=\"678a3144\" data-element_type=\"section\">\n\t\t\t\t\t\t<div class=\"elementor-container elementor-column-gap-default\">\n\t\t\t\t\t<div class=\"elementor-column elementor-col-50 elementor-inner-column elementor-element elementor-element-270b08b5 top column-style-top\" data-id=\"270b08b5\" data-element_type=\"column\">\n\t\t\t<div class=\"elementor-widget-wrap\">\n\t\t\t\t\t\t\t<\/div>\n\t\t<\/div>\n\t\t\t\t<div class=\"elementor-column elementor-col-50 elementor-inner-column elementor-element elementor-element-6f144718 top column-style-top\" data-id=\"6f144718\" data-element_type=\"column\">\n\t\t\t<div class=\"elementor-widget-wrap\">\n\t\t\t\t\t\t\t<\/div>\n\t\t<\/div>\n\t\t\t\t\t<\/div>\n\t\t<\/section>\n\t\t\t\t\t<\/div>\n\t\t<\/div>\n\t\t\t\t<div class=\"elementor-column elementor-col-50 elementor-top-column elementor-element elementor-element-47c5cee9 top column-style-top\" data-id=\"47c5cee9\" data-element_type=\"column\">\n\t\t\t<div class=\"elementor-widget-wrap elementor-element-populated\">\n\t\t\t\t\t\t<div class=\"elementor-element elementor-element-3b7c8567 arrow-top-left elementor-widget__width-auto elementor-widget elementor-widget-image\" data-id=\"3b7c8567\" data-element_type=\"widget\" data-widget_type=\"image.default\">\n\t\t\t\t<div class=\"elementor-widget-container\">\n\t\t\t\t\t\t\t\t\t\t\t\t\t\t\t<img fetchpriority=\"high\" decoding=\"async\" width=\"480\" height=\"640\" src=\"https:\/\/acilkepenk.net\/wp-content\/uploads\/2024\/09\/bursa-eskisehir-kepenk-tamir-01.jpg\" class=\"attachment-full size-full wp-image-10934\" alt=\"bursa-eskisehir-kepenk-tamir-01\" \/>\t\t\t\t\t\t\t\t\t\t\t\t\t\t\t<\/div>\n\t\t\t\t<\/div>\n\t\t\t\t\t<\/div>\n\t\t<\/div>\n\t\t\t\t\t<\/div>\n\t\t<\/section>\n\t\t\t\t<\/div>\n\t\t","protected":false},"excerpt":{"rendered":"<p>Bursa Kepenk | esli\u015fehir kepenk | servis | tamir Hakk\u0131m\u0131zda Acil Kepenk, Bursa ve Eski\u015fehir b\u00f6lgesinde g\u00fcvenlik ve konforunuzu \u00f6n planda tutarak, kaliteli kepenk \u00e7\u00f6z\u00fcmleri sunmak amac\u0131yla kurulmu\u015ftur. M\u00fc\u015fteri memnuniyetini [&hellip;]<\/p>\n","protected":false},"author":1,"featured_media":0,"parent":0,"menu_order":0,"comment_status":"closed","ping_status":"closed","template":"","meta":{"footnotes":""},"class_list":["post-612","page","type-page","status-publish","hentry"],"yoast_head":"<!-- This site is optimized with the Yoast SEO Premium plugin v23.8 (Yoast SEO v23.8) - https:\/\/yoast.com\/wordpress\/plugins\/seo\/ -->\n<title>Hakk\u0131m\u0131zda - Bursa Kepenk Tamiri | Kepenk Servisi | Otomatik Kepenk Sistemleri<\/title>\n<meta name=\"robots\" content=\"index, follow, max-snippet:-1, max-image-preview:large, max-video-preview:-1\" \/>\n<link rel=\"canonical\" href=\"https:\/\/acilkepenk.net\/index.php\/hakkimizda-kepenk-tamiri\/\" \/>\n<meta property=\"og:locale\" content=\"tr_TR\" \/>\n<meta property=\"og:type\" content=\"article\" \/>\n<meta property=\"og:title\" content=\"Hakk\u0131m\u0131zda\" \/>\n<meta property=\"og:description\" content=\"Bursa Kepenk | esli\u015fehir kepenk | servis | tamir Hakk\u0131m\u0131zda Acil Kepenk, Bursa ve Eski\u015fehir b\u00f6lgesinde g\u00fcvenlik ve konforunuzu \u00f6n planda tutarak, kaliteli kepenk \u00e7\u00f6z\u00fcmleri sunmak amac\u0131yla kurulmu\u015ftur. M\u00fc\u015fteri memnuniyetini [&hellip;]\" \/>\n<meta property=\"og:url\" content=\"https:\/\/acilkepenk.net\/index.php\/hakkimizda-kepenk-tamiri\/\" \/>\n<meta property=\"og:site_name\" content=\"Bursa Kepenk Tamiri | Kepenk Servisi | Otomatik Kepenk Sistemleri\" \/>\n<meta property=\"article:modified_time\" content=\"2024-09-27T15:40:12+00:00\" \/>\n<meta property=\"og:image\" content=\"https:\/\/acilkepenk.net\/wp-content\/uploads\/2024\/09\/bursa-eskisehir-kepenk-tamir-01.jpg\" \/>\n\t<meta property=\"og:image:width\" content=\"480\" \/>\n\t<meta property=\"og:image:height\" content=\"640\" \/>\n\t<meta property=\"og:image:type\" content=\"image\/jpeg\" \/>\n<meta name=\"twitter:card\" content=\"summary_large_image\" \/>\n<meta name=\"twitter:label1\" content=\"Tahmini okuma s\u00fcresi\" \/>\n\t<meta name=\"twitter:data1\" content=\"1 dakika\" \/>\n<script type=\"application\/ld+json\" class=\"yoast-schema-graph\">{\"@context\":\"https:\/\/schema.org\",\"@graph\":[{\"@type\":\"WebPage\",\"@id\":\"https:\/\/acilkepenk.net\/index.php\/hakkimizda-kepenk-tamiri\/\",\"url\":\"https:\/\/acilkepenk.net\/index.php\/hakkimizda-kepenk-tamiri\/\",\"name\":\"Hakk\u0131m\u0131zda - Bursa Kepenk Tamiri | Kepenk Servisi | Otomatik Kepenk Sistemleri\",\"isPartOf\":{\"@id\":\"https:\/\/acilkepenk.net\/#website\"},\"primaryImageOfPage\":{\"@id\":\"https:\/\/acilkepenk.net\/index.php\/hakkimizda-kepenk-tamiri\/#primaryimage\"},\"image\":{\"@id\":\"https:\/\/acilkepenk.net\/index.php\/hakkimizda-kepenk-tamiri\/#primaryimage\"},\"thumbnailUrl\":\"https:\/\/acilkepenk.net\/wp-content\/uploads\/2024\/09\/bursa-eskisehir-kepenk-tamir-01.jpg\",\"datePublished\":\"2016-03-07T03:11:04+00:00\",\"dateModified\":\"2024-09-27T15:40:12+00:00\",\"breadcrumb\":{\"@id\":\"https:\/\/acilkepenk.net\/index.php\/hakkimizda-kepenk-tamiri\/#breadcrumb\"},\"inLanguage\":\"tr\",\"potentialAction\":[{\"@type\":\"ReadAction\",\"target\":[\"https:\/\/acilkepenk.net\/index.php\/hakkimizda-kepenk-tamiri\/\"]}]},{\"@type\":\"ImageObject\",\"inLanguage\":\"tr\",\"@id\":\"https:\/\/acilkepenk.net\/index.php\/hakkimizda-kepenk-tamiri\/#primaryimage\",\"url\":\"https:\/\/acilkepenk.net\/wp-content\/uploads\/2024\/09\/bursa-eskisehir-kepenk-tamir-01.jpg\",\"contentUrl\":\"https:\/\/acilkepenk.net\/wp-content\/uploads\/2024\/09\/bursa-eskisehir-kepenk-tamir-01.jpg\",\"width\":480,\"height\":640,\"caption\":\"bursa-eskisehir-kepenk-tamir-01\"},{\"@type\":\"BreadcrumbList\",\"@id\":\"https:\/\/acilkepenk.net\/index.php\/hakkimizda-kepenk-tamiri\/#breadcrumb\",\"itemListElement\":[{\"@type\":\"ListItem\",\"position\":1,\"name\":\"Home\",\"item\":\"https:\/\/acilkepenk.net\/\"},{\"@type\":\"ListItem\",\"position\":2,\"name\":\"Hakk\u0131m\u0131zda\"}]},{\"@type\":\"WebSite\",\"@id\":\"https:\/\/acilkepenk.net\/#website\",\"url\":\"https:\/\/acilkepenk.net\/\",\"name\":\"Bursa Kepenk Tamiri | Kepenk Servisi | Otomatik Kepenk Sistemleri\",\"description\":\"Bursa Kepenk Tamiri | Kepenk Servisi | Otomatik Kepenk Sistemleri\",\"potentialAction\":[{\"@type\":\"SearchAction\",\"target\":{\"@type\":\"EntryPoint\",\"urlTemplate\":\"https:\/\/acilkepenk.net\/?s={search_term_string}\"},\"query-input\":{\"@type\":\"PropertyValueSpecification\",\"valueRequired\":true,\"valueName\":\"search_term_string\"}}],\"inLanguage\":\"tr\"}]}<\/script>\n<!-- \/ Yoast SEO Premium plugin. -->","yoast_head_json":{"title":"Hakk\u0131m\u0131zda - Bursa Kepenk Tamiri | Kepenk Servisi | Otomatik Kepenk Sistemleri","robots":{"index":"index","follow":"follow","max-snippet":"max-snippet:-1","max-image-preview":"max-image-preview:large","max-video-preview":"max-video-preview:-1"},"canonical":"https:\/\/acilkepenk.net\/index.php\/hakkimizda-kepenk-tamiri\/","og_locale":"tr_TR","og_type":"article","og_title":"Hakk\u0131m\u0131zda","og_description":"Bursa Kepenk | esli\u015fehir kepenk | servis | tamir Hakk\u0131m\u0131zda Acil Kepenk, Bursa ve Eski\u015fehir b\u00f6lgesinde g\u00fcvenlik ve konforunuzu \u00f6n planda tutarak, kaliteli kepenk \u00e7\u00f6z\u00fcmleri sunmak amac\u0131yla kurulmu\u015ftur. M\u00fc\u015fteri memnuniyetini [&hellip;]","og_url":"https:\/\/acilkepenk.net\/index.php\/hakkimizda-kepenk-tamiri\/","og_site_name":"Bursa Kepenk Tamiri | Kepenk Servisi | Otomatik Kepenk Sistemleri","article_modified_time":"2024-09-27T15:40:12+00:00","og_image":[{"width":480,"height":640,"url":"https:\/\/acilkepenk.net\/wp-content\/uploads\/2024\/09\/bursa-eskisehir-kepenk-tamir-01.jpg","type":"image\/jpeg"}],"twitter_card":"summary_large_image","twitter_misc":{"Tahmini okuma s\u00fcresi":"1 dakika"},"schema":{"@context":"https:\/\/schema.org","@graph":[{"@type":"WebPage","@id":"https:\/\/acilkepenk.net\/index.php\/hakkimizda-kepenk-tamiri\/","url":"https:\/\/acilkepenk.net\/index.php\/hakkimizda-kepenk-tamiri\/","name":"Hakk\u0131m\u0131zda - Bursa Kepenk Tamiri | Kepenk Servisi | Otomatik Kepenk Sistemleri","isPartOf":{"@id":"https:\/\/acilkepenk.net\/#website"},"primaryImageOfPage":{"@id":"https:\/\/acilkepenk.net\/index.php\/hakkimizda-kepenk-tamiri\/#primaryimage"},"image":{"@id":"https:\/\/acilkepenk.net\/index.php\/hakkimizda-kepenk-tamiri\/#primaryimage"},"thumbnailUrl":"https:\/\/acilkepenk.net\/wp-content\/uploads\/2024\/09\/bursa-eskisehir-kepenk-tamir-01.jpg","datePublished":"2016-03-07T03:11:04+00:00","dateModified":"2024-09-27T15:40:12+00:00","breadcrumb":{"@id":"https:\/\/acilkepenk.net\/index.php\/hakkimizda-kepenk-tamiri\/#breadcrumb"},"inLanguage":"tr","potentialAction":[{"@type":"ReadAction","target":["https:\/\/acilkepenk.net\/index.php\/hakkimizda-kepenk-tamiri\/"]}]},{"@type":"ImageObject","inLanguage":"tr","@id":"https:\/\/acilkepenk.net\/index.php\/hakkimizda-kepenk-tamiri\/#primaryimage","url":"https:\/\/acilkepenk.net\/wp-content\/uploads\/2024\/09\/bursa-eskisehir-kepenk-tamir-01.jpg","contentUrl":"https:\/\/acilkepenk.net\/wp-content\/uploads\/2024\/09\/bursa-eskisehir-kepenk-tamir-01.jpg","width":480,"height":640,"caption":"bursa-eskisehir-kepenk-tamir-01"},{"@type":"BreadcrumbList","@id":"https:\/\/acilkepenk.net\/index.php\/hakkimizda-kepenk-tamiri\/#breadcrumb","itemListElement":[{"@type":"ListItem","position":1,"name":"Home","item":"https:\/\/acilkepenk.net\/"},{"@type":"ListItem","position":2,"name":"Hakk\u0131m\u0131zda"}]},{"@type":"WebSite","@id":"https:\/\/acilkepenk.net\/#website","url":"https:\/\/acilkepenk.net\/","name":"Bursa Kepenk Tamiri | Kepenk Servisi | Otomatik Kepenk Sistemleri","description":"Bursa Kepenk Tamiri | Kepenk Servisi | Otomatik Kepenk Sistemleri","potentialAction":[{"@type":"SearchAction","target":{"@type":"EntryPoint","urlTemplate":"https:\/\/acilkepenk.net\/?s={search_term_string}"},"query-input":{"@type":"PropertyValueSpecification","valueRequired":true,"valueName":"search_term_string"}}],"inLanguage":"tr"}]}},"_links":{"self":[{"href":"https:\/\/acilkepenk.net\/index.php\/wp-json\/wp\/v2\/pages\/612","targetHints":{"allow":["GET"]}}],"collection":[{"href":"https:\/\/acilkepenk.net\/index.php\/wp-json\/wp\/v2\/pages"}],"about":[{"href":"https:\/\/acilkepenk.net\/index.php\/wp-json\/wp\/v2\/types\/page"}],"author":[{"embeddable":true,"href":"https:\/\/acilkepenk.net\/index.php\/wp-json\/wp\/v2\/users\/1"}],"replies":[{"embeddable":true,"href":"https:\/\/acilkepenk.net\/index.php\/wp-json\/wp\/v2\/comments?post=612"}],"version-history":[{"count":7,"href":"https:\/\/acilkepenk.net\/index.php\/wp-json\/wp\/v2\/pages\/612\/revisions"}],"predecessor-version":[{"id":10958,"href":"https:\/\/acilkepenk.net\/index.php\/wp-json\/wp\/v2\/pages\/612\/revisions\/10958"}],"wp:attachment":[{"href":"https:\/\/acilkepenk.net\/index.php\/wp-json\/wp\/v2\/media?parent=612"}],"curies":[{"name":"wp","href":"https:\/\/api.w.org\/{rel}","templated":true}]}}