{"id":506,"date":"2016-03-04T02:30:30","date_gmt":"2016-03-04T02:30:30","guid":{"rendered":"https:\/\/www.gavias-theme.com\/wp\/indutri\/?page_id=506"},"modified":"2016-03-04T02:30:30","modified_gmt":"2016-03-04T02:30:30","slug":"news-2","status":"publish","type":"page","link":"https:\/\/acilkepenk.net\/index.php\/news-2\/","title":{"rendered":"News II"},"content":{"rendered":"\t\t<div data-elementor-type=\"wp-post\" data-elementor-id=\"506\" class=\"elementor elementor-506\">\n\t\t\t\t\t\t<section class=\"elementor-section elementor-top-section elementor-element elementor-element-4d2980f elementor-section-boxed elementor-section-height-default elementor-section-height-default\" data-id=\"4d2980f\" data-element_type=\"section\">\n\t\t\t\t\t\t<div class=\"elementor-container elementor-column-gap-default\">\n\t\t\t\t\t<div class=\"elementor-column elementor-col-100 elementor-top-column elementor-element elementor-element-cc38b96 top column-style-top\" data-id=\"cc38b96\" data-element_type=\"column\">\n\t\t\t<div class=\"elementor-widget-wrap elementor-element-populated\">\n\t\t\t\t\t\t<div class=\"elementor-element elementor-element-c44d968 elementor-widget elementor-widget-gva-posts\" data-id=\"c44d968\" data-element_type=\"widget\" data-widget_type=\"gva-posts.default\">\n\t\t\t\t<div class=\"elementor-widget-container\">\n\t\t\t\t\t<div class=\"gva-element-gva-posts gva-element\">  \r\n  <div class=\"gva-posts-grid clearfix gva-posts\">\r\n      <div class=\"gva-content-items\"> \r\n        <div class=\"lg-block-grid-3 md-block-grid-2 sm-block-grid-2 xs-block-grid-1 xx-block-grid-1\">\r\n          \n<div class=\"all genel  item-columns\">\n   <article id=\"post-11089\" class=\"post-11089 post type-post status-publish format-standard hentry category-genel\">\n      <div class=\"post-block post-style-2\">\n         <div class=\"post-thumbnail\" style=\"background-image:url('');\"><\/div>   \n         <div class=\"entry-content\">\n            <div class=\"content-inner\">\n               <div class=\"entry-meta\">\n                  <div class=\"left\"><img alt='' src='https:\/\/secure.gravatar.com\/avatar\/62888761ea7e92e863b7fd582e7ab59e23f2bcd1bef251367a61071d4a1c0f6a?s=160&#038;d=mm&#038;r=g' srcset='https:\/\/secure.gravatar.com\/avatar\/62888761ea7e92e863b7fd582e7ab59e23f2bcd1bef251367a61071d4a1c0f6a?s=320&#038;d=mm&#038;r=g 2x' class='avatar avatar-160 photo' height='160' width='160' \/><\/div><div class=\"right\"><span class=\"author vcard\"><i class=\"far fa-user-circle\"><\/i>by&nbsp;admin<\/span><\/div>               <\/div> \n               <h2 class=\"entry-title\"><a href=\"https:\/\/acilkepenk.net\/index.php\/2025\/02\/08\/bursa-kepenk-servisi\/\" rel=\"bookmark\">Bursa Kepenk Servisi<\/a><\/h2>\n            <\/div>\n            <div class=\"read-more\">\n               <a href=\"https:\/\/acilkepenk.net\/index.php\/2025\/02\/08\/bursa-kepenk-servisi\/\">\n                  <svg enable-background=\"new 0 0 64 64\" height=\"512\" viewBox=\"0 0 64 64\" width=\"512\" xmlns=\"http:\/\/www.w3.org\/2000\/svg\"><path d=\"m37.379 12.552c-.799-.761-2.066-.731-2.827.069-.762.8-.73 2.066.069 2.828l15.342 14.551h-39.963c-1.104 0-2 .896-2 2s.896 2 2 2h39.899l-15.278 14.552c-.8.762-.831 2.028-.069 2.828.393.412.92.62 1.448.62.496 0 .992-.183 1.379-.552l17.449-16.62c.756-.755 1.172-1.759 1.172-2.828s-.416-2.073-1.207-2.862z\"\/><\/svg>\n               <\/a>\n            <\/div>\n         <\/div>\n         <a href=\"https:\/\/acilkepenk.net\/index.php\/2025\/02\/08\/bursa-kepenk-servisi\/\" class=\"link-overlay\"><\/a>\n      <\/div>   \n   <\/article>   \n<\/div>\n\n  \n<div class=\"all genel  item-columns\">\n   <article id=\"post-11079\" class=\"post-11079 post type-post status-publish format-standard hentry category-genel\">\n      <div class=\"post-block post-style-2\">\n         <div class=\"post-thumbnail\" style=\"background-image:url('');\"><\/div>   \n         <div class=\"entry-content\">\n            <div class=\"content-inner\">\n               <div class=\"entry-meta\">\n                  <div class=\"left\"><img alt='' src='https:\/\/secure.gravatar.com\/avatar\/62888761ea7e92e863b7fd582e7ab59e23f2bcd1bef251367a61071d4a1c0f6a?s=160&#038;d=mm&#038;r=g' srcset='https:\/\/secure.gravatar.com\/avatar\/62888761ea7e92e863b7fd582e7ab59e23f2bcd1bef251367a61071d4a1c0f6a?s=320&#038;d=mm&#038;r=g 2x' class='avatar avatar-160 photo' height='160' width='160' \/><\/div><div class=\"right\"><span class=\"author vcard\"><i class=\"far fa-user-circle\"><\/i>by&nbsp;admin<\/span><\/div>               <\/div> \n               <h2 class=\"entry-title\"><a href=\"https:\/\/acilkepenk.net\/index.php\/2025\/01\/25\/bursa-kepenk-servisi-hizli-ve-guvenilir-kepenk-tamiri\/\" rel=\"bookmark\">Bursa Kepenk Servisi | H\u0131zl\u0131 ve G\u00fcvenilir Kepenk Tamiri<\/a><\/h2>\n            <\/div>\n            <div class=\"read-more\">\n               <a href=\"https:\/\/acilkepenk.net\/index.php\/2025\/01\/25\/bursa-kepenk-servisi-hizli-ve-guvenilir-kepenk-tamiri\/\">\n                  <svg enable-background=\"new 0 0 64 64\" height=\"512\" viewBox=\"0 0 64 64\" width=\"512\" xmlns=\"http:\/\/www.w3.org\/2000\/svg\"><path d=\"m37.379 12.552c-.799-.761-2.066-.731-2.827.069-.762.8-.73 2.066.069 2.828l15.342 14.551h-39.963c-1.104 0-2 .896-2 2s.896 2 2 2h39.899l-15.278 14.552c-.8.762-.831 2.028-.069 2.828.393.412.92.62 1.448.62.496 0 .992-.183 1.379-.552l17.449-16.62c.756-.755 1.172-1.759 1.172-2.828s-.416-2.073-1.207-2.862z\"\/><\/svg>\n               <\/a>\n            <\/div>\n         <\/div>\n         <a href=\"https:\/\/acilkepenk.net\/index.php\/2025\/01\/25\/bursa-kepenk-servisi-hizli-ve-guvenilir-kepenk-tamiri\/\" class=\"link-overlay\"><\/a>\n      <\/div>   \n   <\/article>   \n<\/div>\n\n  \n<div class=\"all genel  item-columns\">\n   <article id=\"post-11073\" class=\"post-11073 post type-post status-publish format-standard hentry category-genel\">\n      <div class=\"post-block post-style-2\">\n         <div class=\"post-thumbnail\" style=\"background-image:url('');\"><\/div>   \n         <div class=\"entry-content\">\n            <div class=\"content-inner\">\n               <div class=\"entry-meta\">\n                  <div class=\"left\"><img alt='' src='https:\/\/secure.gravatar.com\/avatar\/62888761ea7e92e863b7fd582e7ab59e23f2bcd1bef251367a61071d4a1c0f6a?s=160&#038;d=mm&#038;r=g' srcset='https:\/\/secure.gravatar.com\/avatar\/62888761ea7e92e863b7fd582e7ab59e23f2bcd1bef251367a61071d4a1c0f6a?s=320&#038;d=mm&#038;r=g 2x' class='avatar avatar-160 photo' height='160' width='160' \/><\/div><div class=\"right\"><span class=\"author vcard\"><i class=\"far fa-user-circle\"><\/i>by&nbsp;admin<\/span><\/div>               <\/div> \n               <h2 class=\"entry-title\"><a href=\"https:\/\/acilkepenk.net\/index.php\/2025\/01\/05\/osmangazi-kepenk-servisi-tamir-panjur-tamiri\/\" rel=\"bookmark\">Osmangazi Kepenk Servisi | Tamir | Panjur Tamiri<\/a><\/h2>\n            <\/div>\n            <div class=\"read-more\">\n               <a href=\"https:\/\/acilkepenk.net\/index.php\/2025\/01\/05\/osmangazi-kepenk-servisi-tamir-panjur-tamiri\/\">\n                  <svg enable-background=\"new 0 0 64 64\" height=\"512\" viewBox=\"0 0 64 64\" width=\"512\" xmlns=\"http:\/\/www.w3.org\/2000\/svg\"><path d=\"m37.379 12.552c-.799-.761-2.066-.731-2.827.069-.762.8-.73 2.066.069 2.828l15.342 14.551h-39.963c-1.104 0-2 .896-2 2s.896 2 2 2h39.899l-15.278 14.552c-.8.762-.831 2.028-.069 2.828.393.412.92.62 1.448.62.496 0 .992-.183 1.379-.552l17.449-16.62c.756-.755 1.172-1.759 1.172-2.828s-.416-2.073-1.207-2.862z\"\/><\/svg>\n               <\/a>\n            <\/div>\n         <\/div>\n         <a href=\"https:\/\/acilkepenk.net\/index.php\/2025\/01\/05\/osmangazi-kepenk-servisi-tamir-panjur-tamiri\/\" class=\"link-overlay\"><\/a>\n      <\/div>   \n   <\/article>   \n<\/div>\n\n  \n<div class=\"all genel  item-columns\">\n   <article id=\"post-11071\" class=\"post-11071 post type-post status-publish format-standard hentry category-genel\">\n      <div class=\"post-block post-style-2\">\n         <div class=\"post-thumbnail\" style=\"background-image:url('');\"><\/div>   \n         <div class=\"entry-content\">\n            <div class=\"content-inner\">\n               <div class=\"entry-meta\">\n                  <div class=\"left\"><img alt='' src='https:\/\/secure.gravatar.com\/avatar\/62888761ea7e92e863b7fd582e7ab59e23f2bcd1bef251367a61071d4a1c0f6a?s=160&#038;d=mm&#038;r=g' srcset='https:\/\/secure.gravatar.com\/avatar\/62888761ea7e92e863b7fd582e7ab59e23f2bcd1bef251367a61071d4a1c0f6a?s=320&#038;d=mm&#038;r=g 2x' class='avatar avatar-160 photo' height='160' width='160' \/><\/div><div class=\"right\"><span class=\"author vcard\"><i class=\"far fa-user-circle\"><\/i>by&nbsp;admin<\/span><\/div>               <\/div> \n               <h2 class=\"entry-title\"><a href=\"https:\/\/acilkepenk.net\/index.php\/2025\/01\/05\/inegol-kepenk-servisi-tamiri-panjur-tamiri\/\" rel=\"bookmark\">\u0130neg\u00f6l Kepenk Servisi | Tamiri | Panjur Tamiri<\/a><\/h2>\n            <\/div>\n            <div class=\"read-more\">\n               <a href=\"https:\/\/acilkepenk.net\/index.php\/2025\/01\/05\/inegol-kepenk-servisi-tamiri-panjur-tamiri\/\">\n                  <svg enable-background=\"new 0 0 64 64\" height=\"512\" viewBox=\"0 0 64 64\" width=\"512\" xmlns=\"http:\/\/www.w3.org\/2000\/svg\"><path d=\"m37.379 12.552c-.799-.761-2.066-.731-2.827.069-.762.8-.73 2.066.069 2.828l15.342 14.551h-39.963c-1.104 0-2 .896-2 2s.896 2 2 2h39.899l-15.278 14.552c-.8.762-.831 2.028-.069 2.828.393.412.92.62 1.448.62.496 0 .992-.183 1.379-.552l17.449-16.62c.756-.755 1.172-1.759 1.172-2.828s-.416-2.073-1.207-2.862z\"\/><\/svg>\n               <\/a>\n            <\/div>\n         <\/div>\n         <a href=\"https:\/\/acilkepenk.net\/index.php\/2025\/01\/05\/inegol-kepenk-servisi-tamiri-panjur-tamiri\/\" class=\"link-overlay\"><\/a>\n      <\/div>   \n   <\/article>   \n<\/div>\n\n  \n<div class=\"all genel  item-columns\">\n   <article id=\"post-11066\" class=\"post-11066 post type-post status-publish format-standard hentry category-genel\">\n      <div class=\"post-block post-style-2\">\n         <div class=\"post-thumbnail\" style=\"background-image:url('');\"><\/div>   \n         <div class=\"entry-content\">\n            <div class=\"content-inner\">\n               <div class=\"entry-meta\">\n                  <div class=\"left\"><img alt='' src='https:\/\/secure.gravatar.com\/avatar\/62888761ea7e92e863b7fd582e7ab59e23f2bcd1bef251367a61071d4a1c0f6a?s=160&#038;d=mm&#038;r=g' srcset='https:\/\/secure.gravatar.com\/avatar\/62888761ea7e92e863b7fd582e7ab59e23f2bcd1bef251367a61071d4a1c0f6a?s=320&#038;d=mm&#038;r=g 2x' class='avatar avatar-160 photo' height='160' width='160' \/><\/div><div class=\"right\"><span class=\"author vcard\"><i class=\"far fa-user-circle\"><\/i>by&nbsp;admin<\/span><\/div>               <\/div> \n               <h2 class=\"entry-title\"><a href=\"https:\/\/acilkepenk.net\/index.php\/2024\/12\/28\/bursa-acil-kepek-hizmeti\/\" rel=\"bookmark\">Bursa Acil Kepek Hizmeti<\/a><\/h2>\n            <\/div>\n            <div class=\"read-more\">\n               <a href=\"https:\/\/acilkepenk.net\/index.php\/2024\/12\/28\/bursa-acil-kepek-hizmeti\/\">\n                  <svg enable-background=\"new 0 0 64 64\" height=\"512\" viewBox=\"0 0 64 64\" width=\"512\" xmlns=\"http:\/\/www.w3.org\/2000\/svg\"><path d=\"m37.379 12.552c-.799-.761-2.066-.731-2.827.069-.762.8-.73 2.066.069 2.828l15.342 14.551h-39.963c-1.104 0-2 .896-2 2s.896 2 2 2h39.899l-15.278 14.552c-.8.762-.831 2.028-.069 2.828.393.412.92.62 1.448.62.496 0 .992-.183 1.379-.552l17.449-16.62c.756-.755 1.172-1.759 1.172-2.828s-.416-2.073-1.207-2.862z\"\/><\/svg>\n               <\/a>\n            <\/div>\n         <\/div>\n         <a href=\"https:\/\/acilkepenk.net\/index.php\/2024\/12\/28\/bursa-acil-kepek-hizmeti\/\" class=\"link-overlay\"><\/a>\n      <\/div>   \n   <\/article>   \n<\/div>\n\n  \n<div class=\"all genel  item-columns\">\n   <article id=\"post-11064\" class=\"post-11064 post type-post status-publish format-standard hentry category-genel\">\n      <div class=\"post-block post-style-2\">\n         <div class=\"post-thumbnail\" style=\"background-image:url('');\"><\/div>   \n         <div class=\"entry-content\">\n            <div class=\"content-inner\">\n               <div class=\"entry-meta\">\n                  <div class=\"left\"><img alt='' src='https:\/\/secure.gravatar.com\/avatar\/62888761ea7e92e863b7fd582e7ab59e23f2bcd1bef251367a61071d4a1c0f6a?s=160&#038;d=mm&#038;r=g' srcset='https:\/\/secure.gravatar.com\/avatar\/62888761ea7e92e863b7fd582e7ab59e23f2bcd1bef251367a61071d4a1c0f6a?s=320&#038;d=mm&#038;r=g 2x' class='avatar avatar-160 photo' height='160' width='160' \/><\/div><div class=\"right\"><span class=\"author vcard\"><i class=\"far fa-user-circle\"><\/i>by&nbsp;admin<\/span><\/div>               <\/div> \n               <h2 class=\"entry-title\"><a href=\"https:\/\/acilkepenk.net\/index.php\/2024\/12\/28\/bursa-uygun-fiyatli-kepenk-servisi-ve-tamiri\/\" rel=\"bookmark\">Bursa Uygun Fiyatl\u0131 Kepenk Servisi ve Tamiri<\/a><\/h2>\n            <\/div>\n            <div class=\"read-more\">\n               <a href=\"https:\/\/acilkepenk.net\/index.php\/2024\/12\/28\/bursa-uygun-fiyatli-kepenk-servisi-ve-tamiri\/\">\n                  <svg enable-background=\"new 0 0 64 64\" height=\"512\" viewBox=\"0 0 64 64\" width=\"512\" xmlns=\"http:\/\/www.w3.org\/2000\/svg\"><path d=\"m37.379 12.552c-.799-.761-2.066-.731-2.827.069-.762.8-.73 2.066.069 2.828l15.342 14.551h-39.963c-1.104 0-2 .896-2 2s.896 2 2 2h39.899l-15.278 14.552c-.8.762-.831 2.028-.069 2.828.393.412.92.62 1.448.62.496 0 .992-.183 1.379-.552l17.449-16.62c.756-.755 1.172-1.759 1.172-2.828s-.416-2.073-1.207-2.862z\"\/><\/svg>\n               <\/a>\n            <\/div>\n         <\/div>\n         <a href=\"https:\/\/acilkepenk.net\/index.php\/2024\/12\/28\/bursa-uygun-fiyatli-kepenk-servisi-ve-tamiri\/\" class=\"link-overlay\"><\/a>\n      <\/div>   \n   <\/article>   \n<\/div>\n\n          <\/div>\r\n      <\/div>\r\n                <div class=\"pagination\">\r\n              <div class=\"column one pager_wrapper\"><div class=\"pager\"><div class=\"paginations\"><a href=\"https:\/\/acilkepenk.net\/index.php\/wp-json\/wp\/v2\/pages\/506\/\" class=\"page-item active\">1<\/a><a href=\"https:\/\/acilkepenk.net\/index.php\/wp-json\/wp\/v2\/pages\/506\/page\/2\/\" class=\"page-item\">2<\/a><a class=\"next_page\" href=\"https:\/\/acilkepenk.net\/index.php\/wp-json\/wp\/v2\/pages\/506\/page\/2\/\"><i class=\"fas fa-chevron-right\"><\/i><\/a><\/div><\/div><\/div>\n          <\/div>\r\n        <\/div>\r\n  <\/div>\t\t\t\t<\/div>\n\t\t\t\t<\/div>\n\t\t\t\t\t<\/div>\n\t\t<\/div>\n\t\t\t\t\t<\/div>\n\t\t<\/section>\n\t\t\t\t<\/div>\n\t\t","protected":false},"excerpt":{"rendered":"<p>by&nbsp;admin1 comment We Believe in Building Long Lasting our Business Relationships by&nbsp;admin0 comments Digital technology internships a win for students and businesses by&nbsp;admin0 comments How nations around the world are [&hellip;]<\/p>\n","protected":false},"author":1,"featured_media":0,"parent":0,"menu_order":0,"comment_status":"closed","ping_status":"closed","template":"","meta":{"footnotes":""},"class_list":["post-506","page","type-page","status-publish","hentry"],"yoast_head":"<!-- This site is optimized with the Yoast SEO Premium plugin v23.8 (Yoast SEO v23.8) - https:\/\/yoast.com\/wordpress\/plugins\/seo\/ -->\n<title>News II - Bursa Kepenk Tamiri | Kepenk Servisi | Otomatik Kepenk Sistemleri<\/title>\n<meta name=\"robots\" content=\"index, follow, max-snippet:-1, max-image-preview:large, max-video-preview:-1\" \/>\n<link rel=\"canonical\" href=\"https:\/\/acilkepenk.net\/index.php\/news-2\/\" \/>\n<meta property=\"og:locale\" content=\"tr_TR\" \/>\n<meta property=\"og:type\" content=\"article\" \/>\n<meta property=\"og:title\" content=\"News II\" \/>\n<meta property=\"og:description\" content=\"by&nbsp;admin1 comment We Believe in Building Long Lasting our Business Relationships by&nbsp;admin0 comments Digital technology internships a win for students and businesses by&nbsp;admin0 comments How nations around the world are [&hellip;]\" \/>\n<meta property=\"og:url\" content=\"https:\/\/acilkepenk.net\/index.php\/news-2\/\" \/>\n<meta property=\"og:site_name\" content=\"Bursa Kepenk Tamiri | Kepenk Servisi | Otomatik Kepenk Sistemleri\" \/>\n<meta name=\"twitter:card\" content=\"summary_large_image\" \/>\n<script type=\"application\/ld+json\" class=\"yoast-schema-graph\">{\"@context\":\"https:\/\/schema.org\",\"@graph\":[{\"@type\":\"WebPage\",\"@id\":\"https:\/\/acilkepenk.net\/index.php\/news-2\/\",\"url\":\"https:\/\/acilkepenk.net\/index.php\/news-2\/\",\"name\":\"News II - Bursa Kepenk Tamiri | Kepenk Servisi | Otomatik Kepenk Sistemleri\",\"isPartOf\":{\"@id\":\"https:\/\/acilkepenk.net\/#website\"},\"datePublished\":\"2016-03-04T02:30:30+00:00\",\"dateModified\":\"2016-03-04T02:30:30+00:00\",\"breadcrumb\":{\"@id\":\"https:\/\/acilkepenk.net\/index.php\/news-2\/#breadcrumb\"},\"inLanguage\":\"tr\",\"potentialAction\":[{\"@type\":\"ReadAction\",\"target\":[\"https:\/\/acilkepenk.net\/index.php\/news-2\/\"]}]},{\"@type\":\"BreadcrumbList\",\"@id\":\"https:\/\/acilkepenk.net\/index.php\/news-2\/#breadcrumb\",\"itemListElement\":[{\"@type\":\"ListItem\",\"position\":1,\"name\":\"Home\",\"item\":\"https:\/\/acilkepenk.net\/\"},{\"@type\":\"ListItem\",\"position\":2,\"name\":\"News II\"}]},{\"@type\":\"WebSite\",\"@id\":\"https:\/\/acilkepenk.net\/#website\",\"url\":\"https:\/\/acilkepenk.net\/\",\"name\":\"Bursa Kepenk Tamiri | Kepenk Servisi | Otomatik Kepenk Sistemleri\",\"description\":\"Bursa Kepenk Tamiri | Kepenk Servisi | Otomatik Kepenk Sistemleri\",\"potentialAction\":[{\"@type\":\"SearchAction\",\"target\":{\"@type\":\"EntryPoint\",\"urlTemplate\":\"https:\/\/acilkepenk.net\/?s={search_term_string}\"},\"query-input\":{\"@type\":\"PropertyValueSpecification\",\"valueRequired\":true,\"valueName\":\"search_term_string\"}}],\"inLanguage\":\"tr\"}]}<\/script>\n<!-- \/ Yoast SEO Premium plugin. -->","yoast_head_json":{"title":"News II - Bursa Kepenk Tamiri | Kepenk Servisi | Otomatik Kepenk Sistemleri","robots":{"index":"index","follow":"follow","max-snippet":"max-snippet:-1","max-image-preview":"max-image-preview:large","max-video-preview":"max-video-preview:-1"},"canonical":"https:\/\/acilkepenk.net\/index.php\/news-2\/","og_locale":"tr_TR","og_type":"article","og_title":"News II","og_description":"by&nbsp;admin1 comment We Believe in Building Long Lasting our Business Relationships by&nbsp;admin0 comments Digital technology internships a win for students and businesses by&nbsp;admin0 comments How nations around the world are [&hellip;]","og_url":"https:\/\/acilkepenk.net\/index.php\/news-2\/","og_site_name":"Bursa Kepenk Tamiri | Kepenk Servisi | Otomatik Kepenk Sistemleri","twitter_card":"summary_large_image","schema":{"@context":"https:\/\/schema.org","@graph":[{"@type":"WebPage","@id":"https:\/\/acilkepenk.net\/index.php\/news-2\/","url":"https:\/\/acilkepenk.net\/index.php\/news-2\/","name":"News II - Bursa Kepenk Tamiri | Kepenk Servisi | Otomatik Kepenk Sistemleri","isPartOf":{"@id":"https:\/\/acilkepenk.net\/#website"},"datePublished":"2016-03-04T02:30:30+00:00","dateModified":"2016-03-04T02:30:30+00:00","breadcrumb":{"@id":"https:\/\/acilkepenk.net\/index.php\/news-2\/#breadcrumb"},"inLanguage":"tr","potentialAction":[{"@type":"ReadAction","target":["https:\/\/acilkepenk.net\/index.php\/news-2\/"]}]},{"@type":"BreadcrumbList","@id":"https:\/\/acilkepenk.net\/index.php\/news-2\/#breadcrumb","itemListElement":[{"@type":"ListItem","position":1,"name":"Home","item":"https:\/\/acilkepenk.net\/"},{"@type":"ListItem","position":2,"name":"News II"}]},{"@type":"WebSite","@id":"https:\/\/acilkepenk.net\/#website","url":"https:\/\/acilkepenk.net\/","name":"Bursa Kepenk Tamiri | Kepenk Servisi | Otomatik Kepenk Sistemleri","description":"Bursa Kepenk Tamiri | Kepenk Servisi | Otomatik Kepenk Sistemleri","potentialAction":[{"@type":"SearchAction","target":{"@type":"EntryPoint","urlTemplate":"https:\/\/acilkepenk.net\/?s={search_term_string}"},"query-input":{"@type":"PropertyValueSpecification","valueRequired":true,"valueName":"search_term_string"}}],"inLanguage":"tr"}]}},"_links":{"self":[{"href":"https:\/\/acilkepenk.net\/index.php\/wp-json\/wp\/v2\/pages\/506","targetHints":{"allow":["GET"]}}],"collection":[{"href":"https:\/\/acilkepenk.net\/index.php\/wp-json\/wp\/v2\/pages"}],"about":[{"href":"https:\/\/acilkepenk.net\/index.php\/wp-json\/wp\/v2\/types\/page"}],"author":[{"embeddable":true,"href":"https:\/\/acilkepenk.net\/index.php\/wp-json\/wp\/v2\/users\/1"}],"replies":[{"embeddable":true,"href":"https:\/\/acilkepenk.net\/index.php\/wp-json\/wp\/v2\/comments?post=506"}],"version-history":[{"count":0,"href":"https:\/\/acilkepenk.net\/index.php\/wp-json\/wp\/v2\/pages\/506\/revisions"}],"wp:attachment":[{"href":"https:\/\/acilkepenk.net\/index.php\/wp-json\/wp\/v2\/media?parent=506"}],"curies":[{"name":"wp","href":"https:\/\/api.w.org\/{rel}","templated":true}]}}